{"id":2561,"date":"2025-09-03T09:47:32","date_gmt":"2025-09-03T07:47:32","guid":{"rendered":"https:\/\/solo-spirits.com\/?post_type=product&#038;p=2561"},"modified":"2026-04-29T12:22:38","modified_gmt":"2026-04-29T10:22:38","slug":"thoreau-rhum-cognac","status":"publish","type":"product","link":"https:\/\/solo-spirits.com\/en\/product\/thoreau-rhum-cognac\/","title":{"rendered":"Thoreau &#8211; Rhum &#038; Cognac"},"content":{"rendered":"<p>Thoreau Rhum &amp; Cognac is a blend of Guatemalan sugarcane rum, specifically 70% El Pasador de Oro rum and 30% rounded VSOP cognac , which has been aged for at least four years in oak barrels. In one bottle, you will find the exotic aromas of banana and Cr\u00e8me br\u00fbl\u00e9e from the Guatemalan rum, combined with the bitter orange notes of the cognac.<br \/>\nJean Moueix and Alexandre Sirech, managers of the company &#8220;&#8221;Les Bienheureux&#8221;&#8221; , founded seven years ago, are launching a cognac rum named Thoreau in honor of the American thinker. Henry David Thoreau , the 19th-century American philosopher, poet and naturalist, author of &#8220;&#8221;Walden or Life in the Woods&#8221;&#8221;, spent two years and two months in solitude near Walden Pond, Massachusetts, isolating himself in huts to live in full symbiosis with nature and, if possible, naked.<br \/>\n\u201cIt\u2019s an old idea that I\u2019ve had for about 15 years,\u201d explains Alexandre Sirech. \u201cWith 70% rum and 30% cognac, the exotic aromas of banana and cr\u00e8me br\u00fbl\u00e9e combine with the bitter orange notes of cognac.\u201d<\/p>\n","protected":false},"excerpt":{"rendered":"<p>Thoreau Rhum &amp; Cognac is a blend of Guatemalan sugarcane rum, specifically 70% El Pasador de Oro rum and 30% rounded VSOP cognac , which has been aged for at least four years in oak barrels. In one bottle, you will find the exotic aromas of banana and Cr\u00e8me br\u00fbl\u00e9e from the Guatemalan rum, combined [&hellip;]<\/p>\n","protected":false},"featured_media":3177,"template":"","meta":{"_acf_changed":false,"inline_featured_image":false},"product_brand":[],"product_cat":[31],"product_tag":[],"class_list":{"0":"post-2561","1":"product","2":"type-product","3":"status-publish","4":"has-post-thumbnail","6":"product_cat-spirits","8":"first","9":"outofstock","10":"taxable","11":"shipping-taxable","12":"purchasable","13":"product-type-simple"},"acf":[],"yoast_head":"<!-- This site is optimized with the Yoast SEO plugin v27.5 - https:\/\/yoast.com\/product\/yoast-seo-wordpress\/ -->\n<title>Thoreau - Rhum &amp; Cognac | Solo Spirits<\/title>\n<meta name=\"robots\" content=\"index, follow, max-snippet:-1, max-image-preview:large, max-video-preview:-1\" \/>\n<link rel=\"canonical\" href=\"https:\/\/solo-spirits.com\/en\/product\/thoreau-rhum-cognac\/\" \/>\n<meta property=\"og:locale\" content=\"en_US\" \/>\n<meta property=\"og:type\" content=\"article\" \/>\n<meta property=\"og:title\" content=\"Thoreau - Rhum &amp; Cognac | Solo Spirits\" \/>\n<meta property=\"og:description\" content=\"Thoreau Rhum &amp; Cognac is a blend of Guatemalan sugarcane rum, specifically 70% El Pasador de Oro rum and 30% rounded VSOP cognac , which has been aged for at least four years in oak barrels. In one bottle, you will find the exotic aromas of banana and Cr\u00e8me br\u00fbl\u00e9e from the Guatemalan rum, combined [&hellip;]\" \/>\n<meta property=\"og:url\" content=\"https:\/\/solo-spirits.com\/en\/product\/thoreau-rhum-cognac\/\" \/>\n<meta property=\"og:site_name\" content=\"Solo Spirits\" \/>\n<meta property=\"article:modified_time\" content=\"2026-04-29T10:22:38+00:00\" \/>\n<meta property=\"og:image\" content=\"https:\/\/solo-spirits.com\/wp-content\/uploads\/2025\/09\/thoreau-rhum-cognac-boisson-spiritueuse.png\" \/>\n\t<meta property=\"og:image:width\" content=\"1000\" \/>\n\t<meta property=\"og:image:height\" content=\"1300\" \/>\n\t<meta property=\"og:image:type\" content=\"image\/png\" \/>\n<meta name=\"twitter:card\" content=\"summary_large_image\" \/>\n<meta name=\"twitter:label1\" content=\"Est. reading time\" \/>\n\t<meta name=\"twitter:data1\" content=\"2 minutes\" \/>\n<script type=\"application\/ld+json\" class=\"yoast-schema-graph\">{\"@context\":\"https:\\\/\\\/schema.org\",\"@graph\":[{\"@type\":\"WebPage\",\"@id\":\"https:\\\/\\\/solo-spirits.com\\\/en\\\/product\\\/thoreau-rhum-cognac\\\/\",\"url\":\"https:\\\/\\\/solo-spirits.com\\\/en\\\/product\\\/thoreau-rhum-cognac\\\/\",\"name\":\"Thoreau - Rhum & Cognac | Solo Spirits\",\"isPartOf\":{\"@id\":\"https:\\\/\\\/solo-spirits.com\\\/en\\\/#website\"},\"primaryImageOfPage\":{\"@id\":\"https:\\\/\\\/solo-spirits.com\\\/en\\\/product\\\/thoreau-rhum-cognac\\\/#primaryimage\"},\"image\":{\"@id\":\"https:\\\/\\\/solo-spirits.com\\\/en\\\/product\\\/thoreau-rhum-cognac\\\/#primaryimage\"},\"thumbnailUrl\":\"https:\\\/\\\/solo-spirits.com\\\/wp-content\\\/uploads\\\/2025\\\/09\\\/thoreau-rhum-cognac-boisson-spiritueuse.png\",\"datePublished\":\"2025-09-03T07:47:32+00:00\",\"dateModified\":\"2026-04-29T10:22:38+00:00\",\"breadcrumb\":{\"@id\":\"https:\\\/\\\/solo-spirits.com\\\/en\\\/product\\\/thoreau-rhum-cognac\\\/#breadcrumb\"},\"inLanguage\":\"en-US\",\"potentialAction\":[{\"@type\":\"ReadAction\",\"target\":[\"https:\\\/\\\/solo-spirits.com\\\/en\\\/product\\\/thoreau-rhum-cognac\\\/\"]}]},{\"@type\":\"ImageObject\",\"inLanguage\":\"en-US\",\"@id\":\"https:\\\/\\\/solo-spirits.com\\\/en\\\/product\\\/thoreau-rhum-cognac\\\/#primaryimage\",\"url\":\"https:\\\/\\\/solo-spirits.com\\\/wp-content\\\/uploads\\\/2025\\\/09\\\/thoreau-rhum-cognac-boisson-spiritueuse.png\",\"contentUrl\":\"https:\\\/\\\/solo-spirits.com\\\/wp-content\\\/uploads\\\/2025\\\/09\\\/thoreau-rhum-cognac-boisson-spiritueuse.png\",\"width\":1000,\"height\":1300},{\"@type\":\"BreadcrumbList\",\"@id\":\"https:\\\/\\\/solo-spirits.com\\\/en\\\/product\\\/thoreau-rhum-cognac\\\/#breadcrumb\",\"itemListElement\":[{\"@type\":\"ListItem\",\"position\":1,\"name\":\"Home\",\"item\":\"https:\\\/\\\/solo-spirits.com\\\/en\\\/\"},{\"@type\":\"ListItem\",\"position\":2,\"name\":\"Thoreau &#8211; Rhum &#038; Cognac\"}]},{\"@type\":\"WebSite\",\"@id\":\"https:\\\/\\\/solo-spirits.com\\\/en\\\/#website\",\"url\":\"https:\\\/\\\/solo-spirits.com\\\/en\\\/\",\"name\":\"Solo Spirits\",\"description\":\"A World of Flavor, Crafted to Perfection\",\"publisher\":{\"@id\":\"https:\\\/\\\/solo-spirits.com\\\/en\\\/#organization\"},\"alternateName\":\"Solo\",\"potentialAction\":[{\"@type\":\"SearchAction\",\"target\":{\"@type\":\"EntryPoint\",\"urlTemplate\":\"https:\\\/\\\/solo-spirits.com\\\/en\\\/?s={search_term_string}\"},\"query-input\":{\"@type\":\"PropertyValueSpecification\",\"valueRequired\":true,\"valueName\":\"search_term_string\"}}],\"inLanguage\":\"en-US\"},{\"@type\":\"Organization\",\"@id\":\"https:\\\/\\\/solo-spirits.com\\\/en\\\/#organization\",\"name\":\"Solo Spirits\",\"alternateName\":\"Solo\",\"url\":\"https:\\\/\\\/solo-spirits.com\\\/en\\\/\",\"logo\":{\"@type\":\"ImageObject\",\"inLanguage\":\"en-US\",\"@id\":\"https:\\\/\\\/solo-spirits.com\\\/en\\\/#\\\/schema\\\/logo\\\/image\\\/\",\"url\":\"https:\\\/\\\/solo-spirits.com\\\/wp-content\\\/uploads\\\/2025\\\/09\\\/logo.svg\",\"contentUrl\":\"https:\\\/\\\/solo-spirits.com\\\/wp-content\\\/uploads\\\/2025\\\/09\\\/logo.svg\",\"width\":134,\"height\":68,\"caption\":\"Solo Spirits\"},\"image\":{\"@id\":\"https:\\\/\\\/solo-spirits.com\\\/en\\\/#\\\/schema\\\/logo\\\/image\\\/\"},\"sameAs\":[\"https:\\\/\\\/www.instagram.com\\\/solo_spirits_\\\/\"]}]}<\/script>\n<!-- \/ Yoast SEO plugin. -->","yoast_head_json":{"title":"Thoreau - Rhum & Cognac | Solo Spirits","robots":{"index":"index","follow":"follow","max-snippet":"max-snippet:-1","max-image-preview":"max-image-preview:large","max-video-preview":"max-video-preview:-1"},"canonical":"https:\/\/solo-spirits.com\/en\/product\/thoreau-rhum-cognac\/","og_locale":"en_US","og_type":"article","og_title":"Thoreau - Rhum & Cognac | Solo Spirits","og_description":"Thoreau Rhum &amp; Cognac is a blend of Guatemalan sugarcane rum, specifically 70% El Pasador de Oro rum and 30% rounded VSOP cognac , which has been aged for at least four years in oak barrels. In one bottle, you will find the exotic aromas of banana and Cr\u00e8me br\u00fbl\u00e9e from the Guatemalan rum, combined [&hellip;]","og_url":"https:\/\/solo-spirits.com\/en\/product\/thoreau-rhum-cognac\/","og_site_name":"Solo Spirits","article_modified_time":"2026-04-29T10:22:38+00:00","og_image":[{"width":1000,"height":1300,"url":"https:\/\/solo-spirits.com\/wp-content\/uploads\/2025\/09\/thoreau-rhum-cognac-boisson-spiritueuse.png","type":"image\/png"}],"twitter_card":"summary_large_image","twitter_misc":{"Est. reading time":"2 minutes"},"schema":{"@context":"https:\/\/schema.org","@graph":[{"@type":"WebPage","@id":"https:\/\/solo-spirits.com\/en\/product\/thoreau-rhum-cognac\/","url":"https:\/\/solo-spirits.com\/en\/product\/thoreau-rhum-cognac\/","name":"Thoreau - Rhum & Cognac | Solo Spirits","isPartOf":{"@id":"https:\/\/solo-spirits.com\/en\/#website"},"primaryImageOfPage":{"@id":"https:\/\/solo-spirits.com\/en\/product\/thoreau-rhum-cognac\/#primaryimage"},"image":{"@id":"https:\/\/solo-spirits.com\/en\/product\/thoreau-rhum-cognac\/#primaryimage"},"thumbnailUrl":"https:\/\/solo-spirits.com\/wp-content\/uploads\/2025\/09\/thoreau-rhum-cognac-boisson-spiritueuse.png","datePublished":"2025-09-03T07:47:32+00:00","dateModified":"2026-04-29T10:22:38+00:00","breadcrumb":{"@id":"https:\/\/solo-spirits.com\/en\/product\/thoreau-rhum-cognac\/#breadcrumb"},"inLanguage":"en-US","potentialAction":[{"@type":"ReadAction","target":["https:\/\/solo-spirits.com\/en\/product\/thoreau-rhum-cognac\/"]}]},{"@type":"ImageObject","inLanguage":"en-US","@id":"https:\/\/solo-spirits.com\/en\/product\/thoreau-rhum-cognac\/#primaryimage","url":"https:\/\/solo-spirits.com\/wp-content\/uploads\/2025\/09\/thoreau-rhum-cognac-boisson-spiritueuse.png","contentUrl":"https:\/\/solo-spirits.com\/wp-content\/uploads\/2025\/09\/thoreau-rhum-cognac-boisson-spiritueuse.png","width":1000,"height":1300},{"@type":"BreadcrumbList","@id":"https:\/\/solo-spirits.com\/en\/product\/thoreau-rhum-cognac\/#breadcrumb","itemListElement":[{"@type":"ListItem","position":1,"name":"Home","item":"https:\/\/solo-spirits.com\/en\/"},{"@type":"ListItem","position":2,"name":"Thoreau &#8211; Rhum &#038; Cognac"}]},{"@type":"WebSite","@id":"https:\/\/solo-spirits.com\/en\/#website","url":"https:\/\/solo-spirits.com\/en\/","name":"Solo Spirits","description":"A World of Flavor, Crafted to Perfection","publisher":{"@id":"https:\/\/solo-spirits.com\/en\/#organization"},"alternateName":"Solo","potentialAction":[{"@type":"SearchAction","target":{"@type":"EntryPoint","urlTemplate":"https:\/\/solo-spirits.com\/en\/?s={search_term_string}"},"query-input":{"@type":"PropertyValueSpecification","valueRequired":true,"valueName":"search_term_string"}}],"inLanguage":"en-US"},{"@type":"Organization","@id":"https:\/\/solo-spirits.com\/en\/#organization","name":"Solo Spirits","alternateName":"Solo","url":"https:\/\/solo-spirits.com\/en\/","logo":{"@type":"ImageObject","inLanguage":"en-US","@id":"https:\/\/solo-spirits.com\/en\/#\/schema\/logo\/image\/","url":"https:\/\/solo-spirits.com\/wp-content\/uploads\/2025\/09\/logo.svg","contentUrl":"https:\/\/solo-spirits.com\/wp-content\/uploads\/2025\/09\/logo.svg","width":134,"height":68,"caption":"Solo Spirits"},"image":{"@id":"https:\/\/solo-spirits.com\/en\/#\/schema\/logo\/image\/"},"sameAs":["https:\/\/www.instagram.com\/solo_spirits_\/"]}]}},"_links":{"self":[{"href":"https:\/\/solo-spirits.com\/en\/wp-json\/wp\/v2\/product\/2561","targetHints":{"allow":["GET"]}}],"collection":[{"href":"https:\/\/solo-spirits.com\/en\/wp-json\/wp\/v2\/product"}],"about":[{"href":"https:\/\/solo-spirits.com\/en\/wp-json\/wp\/v2\/types\/product"}],"wp:featuredmedia":[{"embeddable":true,"href":"https:\/\/solo-spirits.com\/en\/wp-json\/wp\/v2\/media\/3177"}],"wp:attachment":[{"href":"https:\/\/solo-spirits.com\/en\/wp-json\/wp\/v2\/media?parent=2561"}],"wp:term":[{"taxonomy":"product_brand","embeddable":true,"href":"https:\/\/solo-spirits.com\/en\/wp-json\/wp\/v2\/product_brand?post=2561"},{"taxonomy":"product_cat","embeddable":true,"href":"https:\/\/solo-spirits.com\/en\/wp-json\/wp\/v2\/product_cat?post=2561"},{"taxonomy":"product_tag","embeddable":true,"href":"https:\/\/solo-spirits.com\/en\/wp-json\/wp\/v2\/product_tag?post=2561"}],"curies":[{"name":"wp","href":"https:\/\/api.w.org\/{rel}","templated":true}]}}